{"id":517,"date":"2019-09-01T19:08:32","date_gmt":"2019-09-01T22:08:32","guid":{"rendered":"https:\/\/cemcc.ufro.cl\/beta\/?page_id=517"},"modified":"2023-09-06T23:21:20","modified_gmt":"2023-09-07T02:21:20","slug":"acera-del-cemcc","status":"publish","type":"page","link":"https:\/\/cemcc.ufro.cl\/index.php\/acera-del-cemcc\/","title":{"rendered":"Acera del CEMCC"},"content":{"rendered":"\t\t<div data-elementor-type=\"wp-post\" data-elementor-id=\"517\" class=\"elementor elementor-517\" data-elementor-settings=\"[]\">\n\t\t\t\t\t\t<div class=\"elementor-inner\">\n\t\t\t\t\t\t\t<div class=\"elementor-section-wrap\">\n\t\t\t\t\t\t\t<section class=\"elementor-section elementor-top-section elementor-element elementor-element-7c961b89 elementor-section-stretched elementor-section-boxed elementor-section-height-default elementor-section-height-default\" data-id=\"7c961b89\" data-element_type=\"section\" data-settings=\"{&quot;stretch_section&quot;:&quot;section-stretched&quot;,&quot;background_background&quot;:&quot;classic&quot;}\">\n\t\t\t\t\t\t<div class=\"elementor-container elementor-column-gap-default\">\n\t\t\t\t\t\t\t<div class=\"elementor-row\">\n\t\t\t\t\t<div class=\"elementor-column elementor-col-100 elementor-top-column elementor-element elementor-element-160c6a95\" data-id=\"160c6a95\" data-element_type=\"column\" data-settings=\"{&quot;background_background&quot;:&quot;classic&quot;}\">\n\t\t\t<div class=\"elementor-column-wrap elementor-element-populated\">\n\t\t\t\t\t\t\t<div class=\"elementor-widget-wrap\">\n\t\t\t\t\t\t<div class=\"elementor-element elementor-element-5e83418a elementor-widget elementor-widget-text-editor\" data-id=\"5e83418a\" data-element_type=\"widget\" data-widget_type=\"text-editor.default\">\n\t\t\t\t<div class=\"elementor-widget-container\">\n\t\t\t\t\t\t\t\t<div class=\"elementor-text-editor elementor-clearfix\">\n\t\t\t\t<p><!-- wp:heading --><\/p>\n<h2>\u00bfQu\u00e9 es el CEMCC?\u00a0<\/h2>\n<p><!-- \/wp:heading --><!-- wp:paragraph --><\/p>\n<p>El Centro de Excelencia de Modelaci\u00f3n y Computaci\u00f3n Cient\u00edfica <strong>(CEMCC)<\/strong> de la Universidad de La Frontera es una unidad de la Facultad de Ingenier\u00eda y Ciencias, destinada a proporcionar apoyo en la resoluci\u00f3n de problemas complejos que demanden un alto grado de procesamiento num\u00e9rico. El CEMCC cuenta con un equipo de acad\u00e9micos altamente calificados para llevar a cabo proyectos cient\u00edficos-tecnol\u00f3gicos con el prop\u00f3sito de impulsar un nuevo centro de desarrollo regional.<\/p>\n<p><!-- \/wp:paragraph --><!-- wp:heading {\"level\":1} --><\/p>\n<h2>Misi\u00f3n<\/h2>\n<p><!-- \/wp:heading --><!-- wp:paragraph --><\/p>\n<p>Ser un centro de nivel nacional en sus capacidades de modelaci\u00f3n y computaci\u00f3n cient\u00edfica de apoyo a la investigaci\u00f3n interdisciplinaria.<\/p>\n<p><!-- \/wp:paragraph --><\/p>\t\t\t\t\t<\/div>\n\t\t\t\t\t\t<\/div>\n\t\t\t\t<\/div>\n\t\t\t\t\t\t<\/div>\n\t\t\t\t\t<\/div>\n\t\t<\/div>\n\t\t\t\t\t\t\t\t<\/div>\n\t\t\t\t\t<\/div>\n\t\t<\/section>\n\t\t\t\t\t\t<\/div>\n\t\t\t\t\t\t<\/div>\n\t\t\t\t\t<\/div>\n\t\t","protected":false},"excerpt":{"rendered":"<p>\u00bfQu\u00e9 es el CEMCC?\u00a0 El Centro de Excelencia de Modelaci\u00f3n y Computaci\u00f3n Cient\u00edfica (CEMCC) de la Universidad de La Frontera es una unidad de la Facultad de Ingenier\u00eda y Ciencias, destinada a proporcionar apoyo en la resoluci\u00f3n de problemas complejos que demanden un alto grado de procesamiento num\u00e9rico. El CEMCC cuenta con un equipo de [&hellip;]<\/p>\n","protected":false},"author":1,"featured_media":0,"parent":0,"menu_order":0,"comment_status":"closed","ping_status":"closed","template":"elementor_header_footer","meta":[],"_links":{"self":[{"href":"https:\/\/cemcc.ufro.cl\/index.php\/wp-json\/wp\/v2\/pages\/517"}],"collection":[{"href":"https:\/\/cemcc.ufro.cl\/index.php\/wp-json\/wp\/v2\/pages"}],"about":[{"href":"https:\/\/cemcc.ufro.cl\/index.php\/wp-json\/wp\/v2\/types\/page"}],"author":[{"embeddable":true,"href":"https:\/\/cemcc.ufro.cl\/index.php\/wp-json\/wp\/v2\/users\/1"}],"replies":[{"embeddable":true,"href":"https:\/\/cemcc.ufro.cl\/index.php\/wp-json\/wp\/v2\/comments?post=517"}],"version-history":[{"count":36,"href":"https:\/\/cemcc.ufro.cl\/index.php\/wp-json\/wp\/v2\/pages\/517\/revisions"}],"predecessor-version":[{"id":3014,"href":"https:\/\/cemcc.ufro.cl\/index.php\/wp-json\/wp\/v2\/pages\/517\/revisions\/3014"}],"wp:attachment":[{"href":"https:\/\/cemcc.ufro.cl\/index.php\/wp-json\/wp\/v2\/media?parent=517"}],"curies":[{"name":"wp","href":"https:\/\/api.w.org\/{rel}","templated":true}]}}