{"id":486,"date":"2019-08-31T13:09:08","date_gmt":"2019-08-31T16:09:08","guid":{"rendered":"https:\/\/cemcc.ufro.cl\/beta\/?page_id=486"},"modified":"2023-10-27T20:42:27","modified_gmt":"2023-10-27T23:42:27","slug":"virtualizacion","status":"publish","type":"page","link":"https:\/\/cemcc.ufro.cl\/index.php\/virtualizacion\/","title":{"rendered":"Virtualizaci\u00f3n"},"content":{"rendered":"\t\t<div data-elementor-type=\"wp-post\" data-elementor-id=\"486\" class=\"elementor elementor-486\" data-elementor-settings=\"[]\">\n\t\t\t\t\t\t<div class=\"elementor-inner\">\n\t\t\t\t\t\t\t<div class=\"elementor-section-wrap\">\n\t\t\t\t\t\t\t<section class=\"elementor-section elementor-top-section elementor-element elementor-element-c8061a2 elementor-section-stretched elementor-section-full_width elementor-section-height-default elementor-section-height-default\" data-id=\"c8061a2\" data-element_type=\"section\" data-settings=\"{&quot;stretch_section&quot;:&quot;section-stretched&quot;}\">\n\t\t\t\t\t\t<div class=\"elementor-container elementor-column-gap-default\">\n\t\t\t\t\t\t\t<div class=\"elementor-row\">\n\t\t\t\t\t<div class=\"elementor-column elementor-col-33 elementor-top-column elementor-element elementor-element-0bd5664\" data-id=\"0bd5664\" data-element_type=\"column\" data-settings=\"{&quot;background_background&quot;:&quot;classic&quot;}\">\n\t\t\t<div class=\"elementor-column-wrap elementor-element-populated\">\n\t\t\t\t\t\t\t<div class=\"elementor-widget-wrap\">\n\t\t\t\t\t\t<div class=\"elementor-element elementor-element-2dcc82c elementor-widget elementor-widget-heading\" data-id=\"2dcc82c\" data-element_type=\"widget\" data-widget_type=\"heading.default\">\n\t\t\t\t<div class=\"elementor-widget-container\">\n\t\t\t<h2 class=\"elementor-heading-title elementor-size-default\">VIRTUALIZACI\u00d3N<br><\/h2>\t\t<\/div>\n\t\t\t\t<\/div>\n\t\t\t\t<div class=\"elementor-element elementor-element-d477544 elementor-button-info elementor-widget elementor-widget-button\" data-id=\"d477544\" data-element_type=\"widget\" data-widget_type=\"button.default\">\n\t\t\t\t<div class=\"elementor-widget-container\">\n\t\t\t\t\t<div class=\"elementor-button-wrapper\">\n\t\t\t<a href=\"https:\/\/docs.google.com\/forms\/d\/e\/1FAIpQLSfAYRMZRnwr8WwJUKtgz56CdkU8Yza4_SttTfTfce5-K2bATQ\/viewform\" target=\"_blank\" class=\"elementor-button-link elementor-button elementor-size-md\" role=\"button\">\n\t\t\t\t\t\t<span class=\"elementor-button-content-wrapper\">\n\t\t\t\t\t\t<span class=\"elementor-button-text\">Solicitar  Virtualizaci\u00f3n<\/span>\n\t\t<\/span>\n\t\t\t\t\t<\/a>\n\t\t<\/div>\n\t\t\t\t<\/div>\n\t\t\t\t<\/div>\n\t\t\t\t\t\t<\/div>\n\t\t\t\t\t<\/div>\n\t\t<\/div>\n\t\t\t\t<div class=\"elementor-column elementor-col-33 elementor-top-column elementor-element elementor-element-e259e1a\" data-id=\"e259e1a\" data-element_type=\"column\">\n\t\t\t<div class=\"elementor-column-wrap elementor-element-populated\">\n\t\t\t\t\t\t\t<div class=\"elementor-widget-wrap\">\n\t\t\t\t\t\t<div class=\"elementor-element elementor-element-d65d739 elementor-widget elementor-widget-text-editor\" data-id=\"d65d739\" data-element_type=\"widget\" data-widget_type=\"text-editor.default\">\n\t\t\t\t<div class=\"elementor-widget-container\">\n\t\t\t\t\t\t\t\t<div class=\"elementor-text-editor elementor-clearfix\">\n\t\t\t\t<p>La virtualizaci\u00f3n crea un entorno inform\u00e1tico simulado, o virtual, en lugar de un entorno f\u00edsico. A menudo, incluye versiones de hardware, sistemas operativos, dispositivos de almacenamiento, etc., generadas por un equipo. Esto permite a las organizaciones particionar un equipo o servidor f\u00edsico en varias m\u00e1quinas virtuales. Cada m\u00e1quina virtual puede interactuar de forma independiente y ejecutar sistemas operativos o aplicaciones diferentes mientras comparten los recursos de una sola m\u00e1quina host.<\/p>\n<p>Al crear varios recursos a partir de un \u00fanico equipo o servidor, la virtualizaci\u00f3n mejora la escalabilidad y las cargas de trabajo, al tiempo que permite usar menos servidores y reducir el consumo de energ\u00eda, los costos de infraestructura y el mantenimiento.<\/p>\n<p><\/p>\n<p><\/p>\n<p><style type=\"text\/css\">\n\t\t@page { size: 215.9mm 279.4mm; margin: 20mm }<br \/>\t\tp { margin-bottom: 2.47mm; line-height: 115%; background: transparent }<br \/>\t<\/style>\n<\/p>\t\t\t\t\t<\/div>\n\t\t\t\t\t\t<\/div>\n\t\t\t\t<\/div>\n\t\t\t\t\t\t<\/div>\n\t\t\t\t\t<\/div>\n\t\t<\/div>\n\t\t\t\t<div class=\"elementor-column elementor-col-33 elementor-top-column elementor-element elementor-element-671d478\" data-id=\"671d478\" data-element_type=\"column\">\n\t\t\t<div class=\"elementor-column-wrap elementor-element-populated\">\n\t\t\t\t\t\t\t<div class=\"elementor-widget-wrap\">\n\t\t\t\t\t\t<div class=\"elementor-element elementor-element-22ef5a5 elementor-widget elementor-widget-image\" data-id=\"22ef5a5\" data-element_type=\"widget\" data-widget_type=\"image.default\">\n\t\t\t\t<div class=\"elementor-widget-container\">\n\t\t\t\t\t\t\t\t<div class=\"elementor-image\">\n\t\t\t\t\t\t\t\t\t\t\t\t<img width=\"150\" height=\"150\" src=\"https:\/\/cemcc.ufro.cl\/wp-content\/uploads\/2020\/04\/proxmox-150x150.png\" class=\"attachment-thumbnail size-thumbnail\" alt=\"\" loading=\"lazy\" srcset=\"https:\/\/cemcc.ufro.cl\/wp-content\/uploads\/2020\/04\/proxmox-150x150.png 150w, https:\/\/cemcc.ufro.cl\/wp-content\/uploads\/2020\/04\/proxmox-100x100.png 100w, https:\/\/cemcc.ufro.cl\/wp-content\/uploads\/2020\/04\/proxmox.png 225w\" sizes=\"(max-width: 150px) 100vw, 150px\" \/>\t\t\t\t\t\t\t\t\t\t\t\t\t\t<\/div>\n\t\t\t\t\t\t<\/div>\n\t\t\t\t<\/div>\n\t\t\t\t<div class=\"elementor-element elementor-element-86212ce elementor-widget elementor-widget-image\" data-id=\"86212ce\" data-element_type=\"widget\" data-widget_type=\"image.default\">\n\t\t\t\t<div class=\"elementor-widget-container\">\n\t\t\t\t\t\t\t\t<div class=\"elementor-image\">\n\t\t\t\t\t\t\t\t\t\t\t\t<img width=\"150\" height=\"150\" src=\"https:\/\/cemcc.ufro.cl\/wp-content\/uploads\/2020\/04\/ceph-150x150.png\" class=\"attachment-thumbnail size-thumbnail\" alt=\"\" loading=\"lazy\" srcset=\"https:\/\/cemcc.ufro.cl\/wp-content\/uploads\/2020\/04\/ceph-150x150.png 150w, https:\/\/cemcc.ufro.cl\/wp-content\/uploads\/2020\/04\/ceph-100x100.png 100w\" sizes=\"(max-width: 150px) 100vw, 150px\" \/>\t\t\t\t\t\t\t\t\t\t\t\t\t\t<\/div>\n\t\t\t\t\t\t<\/div>\n\t\t\t\t<\/div>\n\t\t\t\t\t\t<\/div>\n\t\t\t\t\t<\/div>\n\t\t<\/div>\n\t\t\t\t\t\t\t\t<\/div>\n\t\t\t\t\t<\/div>\n\t\t<\/section>\n\t\t\t\t<section class=\"elementor-section elementor-top-section elementor-element elementor-element-4e77bce elementor-section-stretched elementor-section-full_width elementor-section-height-default elementor-section-height-default\" data-id=\"4e77bce\" data-element_type=\"section\" data-settings=\"{&quot;stretch_section&quot;:&quot;section-stretched&quot;,&quot;background_background&quot;:&quot;classic&quot;}\">\n\t\t\t\t\t\t<div class=\"elementor-container elementor-column-gap-default\">\n\t\t\t\t\t\t\t<div class=\"elementor-row\">\n\t\t\t\t\t<div class=\"elementor-column elementor-col-33 elementor-top-column elementor-element elementor-element-0e83308\" data-id=\"0e83308\" data-element_type=\"column\">\n\t\t\t<div class=\"elementor-column-wrap elementor-element-populated\">\n\t\t\t\t\t\t\t<div class=\"elementor-widget-wrap\">\n\t\t\t\t\t\t<div class=\"elementor-element elementor-element-d60a79e elementor-widget elementor-widget-heading\" data-id=\"d60a79e\" data-element_type=\"widget\" data-widget_type=\"heading.default\">\n\t\t\t\t<div class=\"elementor-widget-container\">\n\t\t\t<h2 class=\"elementor-heading-title elementor-size-default\">POL\u00cdTICAS DE USO<\/h2>\t\t<\/div>\n\t\t\t\t<\/div>\n\t\t\t\t\t\t<\/div>\n\t\t\t\t\t<\/div>\n\t\t<\/div>\n\t\t\t\t<div class=\"elementor-column elementor-col-33 elementor-top-column elementor-element elementor-element-6790b21e\" data-id=\"6790b21e\" data-element_type=\"column\" data-settings=\"{&quot;background_background&quot;:&quot;classic&quot;}\">\n\t\t\t<div class=\"elementor-column-wrap elementor-element-populated\">\n\t\t\t\t\t\t\t<div class=\"elementor-widget-wrap\">\n\t\t\t\t\t\t<div class=\"elementor-element elementor-element-30363493 elementor-widget elementor-widget-text-editor\" data-id=\"30363493\" data-element_type=\"widget\" data-widget_type=\"text-editor.default\">\n\t\t\t\t<div class=\"elementor-widget-container\">\n\t\t\t\t\t\t\t\t<div class=\"elementor-text-editor elementor-clearfix\">\n\t\t\t\t<ol><li style=\"font-weight: 200;\"><span style=\"font-weight: 200;\">Todas las m\u00e1quinas virtuales deben tener un docente y proyecto asociado.<\/span><\/li><li style=\"font-weight: 200;\"><span style=\"font-weight: 200;\">El tiempo de uso estimado de la m\u00e1quina virtual debe ser informado.<\/span><\/li><li style=\"font-weight: 200;\"><span style=\"font-weight: 200;\">Las VM abandonadas por m\u00e1s de 6 meses ser\u00e1n eliminadas.<\/span><\/li><li><span style=\"background-color: rgba(0, 0, 0, 0);\">El acceso remoto a los servicios debe ser a trav\u00e9s de MFA (Multi Factor Authentication) o alg\u00fan mecanismo equivalente.<\/span><\/li><li>Los usuarios deben definir pol\u00edticas para las credenciales de acceso lo suficientemente robustas, por ejemplo: contrase\u00f1as de 15 caracteres,\u00a0alfanum\u00e9rico y con may\u00fasculas.<\/li><li>Todas las VM creadas ser\u00e1n monitoreadas por el CEMCC, y se mantendr\u00e1 acceso de root con fines administrativos y de emergencia.<\/li><li style=\"font-weight: 200;\"><span style=\"font-weight: 200;\">Los recursos de las VM deben ser utilizados eficientemente, no se asignar\u00e1 m\u00e1s recursos por mala gesti\u00f3n del recurso asignado.<\/span><\/li><li style=\"font-weight: 200;\"><span style=\"font-weight: 200;\">El minado de criptomonedas no est\u00e1 permitido.<\/span><\/li><li style=\"font-weight: 200;\"><span style=\"font-weight: 200;\">Servidores para juegos online no est\u00e1 permitido.<\/span><\/li><li style=\"font-weight: 200;\"><span style=\"font-weight: 200;\">No est\u00e1 permitida la descarga de material ilegal: pel\u00edculas, software pirata, etc.<\/span><\/li><\/ol>\t\t\t\t\t<\/div>\n\t\t\t\t\t\t<\/div>\n\t\t\t\t<\/div>\n\t\t\t\t\t\t<\/div>\n\t\t\t\t\t<\/div>\n\t\t<\/div>\n\t\t\t\t<div class=\"elementor-column elementor-col-33 elementor-top-column elementor-element elementor-element-d705ebf\" data-id=\"d705ebf\" data-element_type=\"column\">\n\t\t\t<div class=\"elementor-column-wrap\">\n\t\t\t\t\t\t\t<div class=\"elementor-widget-wrap\">\n\t\t\t\t\t\t\t\t<\/div>\n\t\t\t\t\t<\/div>\n\t\t<\/div>\n\t\t\t\t\t\t\t\t<\/div>\n\t\t\t\t\t<\/div>\n\t\t<\/section>\n\t\t\t\t\t\t<\/div>\n\t\t\t\t\t\t<\/div>\n\t\t\t\t\t<\/div>\n\t\t","protected":false},"excerpt":{"rendered":"<p>VIRTUALIZACI\u00d3N Solicitar Virtualizaci\u00f3n La virtualizaci\u00f3n crea un entorno inform\u00e1tico simulado, o virtual, en lugar de un entorno f\u00edsico. A menudo, incluye versiones de hardware, sistemas operativos, dispositivos de almacenamiento, etc., generadas por un equipo. Esto permite a las organizaciones particionar un equipo o servidor f\u00edsico en varias m\u00e1quinas virtuales. Cada m\u00e1quina virtual puede interactuar de [&hellip;]<\/p>\n","protected":false},"author":1,"featured_media":0,"parent":0,"menu_order":0,"comment_status":"closed","ping_status":"closed","template":"elementor_header_footer","meta":[],"_links":{"self":[{"href":"https:\/\/cemcc.ufro.cl\/index.php\/wp-json\/wp\/v2\/pages\/486"}],"collection":[{"href":"https:\/\/cemcc.ufro.cl\/index.php\/wp-json\/wp\/v2\/pages"}],"about":[{"href":"https:\/\/cemcc.ufro.cl\/index.php\/wp-json\/wp\/v2\/types\/page"}],"author":[{"embeddable":true,"href":"https:\/\/cemcc.ufro.cl\/index.php\/wp-json\/wp\/v2\/users\/1"}],"replies":[{"embeddable":true,"href":"https:\/\/cemcc.ufro.cl\/index.php\/wp-json\/wp\/v2\/comments?post=486"}],"version-history":[{"count":59,"href":"https:\/\/cemcc.ufro.cl\/index.php\/wp-json\/wp\/v2\/pages\/486\/revisions"}],"predecessor-version":[{"id":2922,"href":"https:\/\/cemcc.ufro.cl\/index.php\/wp-json\/wp\/v2\/pages\/486\/revisions\/2922"}],"wp:attachment":[{"href":"https:\/\/cemcc.ufro.cl\/index.php\/wp-json\/wp\/v2\/media?parent=486"}],"curies":[{"name":"wp","href":"https:\/\/api.w.org\/{rel}","templated":true}]}}