{"id":485,"date":"2019-08-31T13:09:08","date_gmt":"2019-08-31T16:09:08","guid":{"rendered":"https:\/\/cemcc.ufro.cl\/beta\/?page_id=485"},"modified":"2023-11-15T19:27:29","modified_gmt":"2023-11-15T22:27:29","slug":"housing","status":"publish","type":"page","link":"https:\/\/cemcc.ufro.cl\/index.php\/housing\/","title":{"rendered":"Housing"},"content":{"rendered":"\t\t<div data-elementor-type=\"wp-post\" data-elementor-id=\"485\" class=\"elementor elementor-485\" data-elementor-settings=\"[]\">\n\t\t\t\t\t\t<div class=\"elementor-inner\">\n\t\t\t\t\t\t\t<div class=\"elementor-section-wrap\">\n\t\t\t\t\t\t\t<section class=\"elementor-section elementor-top-section elementor-element elementor-element-b8663d5 elementor-section-boxed elementor-section-height-default elementor-section-height-default\" data-id=\"b8663d5\" data-element_type=\"section\">\n\t\t\t\t\t\t<div class=\"elementor-container elementor-column-gap-default\">\n\t\t\t\t\t\t\t<div class=\"elementor-row\">\n\t\t\t\t\t<div class=\"elementor-column elementor-col-100 elementor-top-column elementor-element elementor-element-8e36727\" data-id=\"8e36727\" data-element_type=\"column\">\n\t\t\t<div class=\"elementor-column-wrap\">\n\t\t\t\t\t\t\t<div class=\"elementor-widget-wrap\">\n\t\t\t\t\t\t\t\t<\/div>\n\t\t\t\t\t<\/div>\n\t\t<\/div>\n\t\t\t\t\t\t\t\t<\/div>\n\t\t\t\t\t<\/div>\n\t\t<\/section>\n\t\t\t\t<section class=\"elementor-section elementor-top-section elementor-element elementor-element-b0f3376 elementor-section-stretched elementor-section-full_width elementor-section-height-default elementor-section-height-default\" data-id=\"b0f3376\" data-element_type=\"section\" data-settings=\"{&quot;stretch_section&quot;:&quot;section-stretched&quot;,&quot;background_background&quot;:&quot;classic&quot;}\">\n\t\t\t\t\t\t<div class=\"elementor-container elementor-column-gap-default\">\n\t\t\t\t\t\t\t<div class=\"elementor-row\">\n\t\t\t\t\t<div class=\"elementor-column elementor-col-33 elementor-top-column elementor-element elementor-element-23189bb\" data-id=\"23189bb\" data-element_type=\"column\" data-settings=\"{&quot;background_background&quot;:&quot;classic&quot;}\">\n\t\t\t<div class=\"elementor-column-wrap elementor-element-populated\">\n\t\t\t\t\t\t\t<div class=\"elementor-widget-wrap\">\n\t\t\t\t\t\t<div class=\"elementor-element elementor-element-fab41cd elementor-widget elementor-widget-heading\" data-id=\"fab41cd\" data-element_type=\"widget\" data-widget_type=\"heading.default\">\n\t\t\t\t<div class=\"elementor-widget-container\">\n\t\t\t<h2 class=\"elementor-heading-title elementor-size-default\">HOUSING<\/h2>\t\t<\/div>\n\t\t\t\t<\/div>\n\t\t\t\t<div class=\"elementor-element elementor-element-e86c226 elementor-align-left elementor-button-info elementor-widget elementor-widget-button\" data-id=\"e86c226\" data-element_type=\"widget\" data-widget_type=\"button.default\">\n\t\t\t\t<div class=\"elementor-widget-container\">\n\t\t\t\t\t<div class=\"elementor-button-wrapper\">\n\t\t\t<a href=\"https:\/\/docs.google.com\/forms\/d\/e\/1FAIpQLSdmqORx7TD44ZAMfhJoA0j9mHRUhVGtOSf7VbaBWAf5p2xHTg\/viewform\" target=\"_blank\" class=\"elementor-button-link elementor-button elementor-size-md\" role=\"button\">\n\t\t\t\t\t\t<span class=\"elementor-button-content-wrapper\">\n\t\t\t\t\t\t<span class=\"elementor-button-text\">Solicitar Housing<\/span>\n\t\t<\/span>\n\t\t\t\t\t<\/a>\n\t\t<\/div>\n\t\t\t\t<\/div>\n\t\t\t\t<\/div>\n\t\t\t\t\t\t<\/div>\n\t\t\t\t\t<\/div>\n\t\t<\/div>\n\t\t\t\t<div class=\"elementor-column elementor-col-33 elementor-top-column elementor-element elementor-element-0fa441a\" data-id=\"0fa441a\" data-element_type=\"column\">\n\t\t\t<div class=\"elementor-column-wrap elementor-element-populated\">\n\t\t\t\t\t\t\t<div class=\"elementor-widget-wrap\">\n\t\t\t\t\t\t<div class=\"elementor-element elementor-element-92c607b elementor-widget elementor-widget-text-editor\" data-id=\"92c607b\" data-element_type=\"widget\" data-widget_type=\"text-editor.default\">\n\t\t\t\t<div class=\"elementor-widget-container\">\n\t\t\t\t\t\t\t\t<div class=\"elementor-text-editor elementor-clearfix\">\n\t\t\t\t<p>El housing es una modalidad de alojamiento f\u00edsico de equipos inform\u00e1ticos en un datacenter, con el fin de aprovechar la infraestructura, proteger y asegurar el correcto funcionamiento de los servidores.<\/p><p>Los equipos inform\u00e1ticos necesitan condiciones m\u00ednimas para trabajar, en especial para c\u00f3mputo intensivo y operaciones 24x7x365.<\/p><p>Para ello el datacenter del CEMCC ofrece a todos los acad\u00e9micos e investigadores de la Universidad de La Frontera lo siguiente:<\/p><ol><li>Espacio f\u00edsico en rack<\/li><li>Climatizaci\u00f3n<\/li><li>Protecci\u00f3n de energ\u00eda<\/li><li>Acceso restringido<\/li><\/ol>\t\t\t\t\t<\/div>\n\t\t\t\t\t\t<\/div>\n\t\t\t\t<\/div>\n\t\t\t\t\t\t<\/div>\n\t\t\t\t\t<\/div>\n\t\t<\/div>\n\t\t\t\t<div class=\"elementor-column elementor-col-33 elementor-top-column elementor-element elementor-element-f1dd927\" data-id=\"f1dd927\" data-element_type=\"column\" data-settings=\"{&quot;background_background&quot;:&quot;classic&quot;}\">\n\t\t\t<div class=\"elementor-column-wrap elementor-element-populated\">\n\t\t\t\t\t\t\t<div class=\"elementor-widget-wrap\">\n\t\t\t\t\t\t<div class=\"elementor-element elementor-element-223e667 elementor-widget elementor-widget-image\" data-id=\"223e667\" data-element_type=\"widget\" data-widget_type=\"image.default\">\n\t\t\t\t<div class=\"elementor-widget-container\">\n\t\t\t\t\t\t\t\t<div class=\"elementor-image\">\n\t\t\t\t\t\t\t\t\t\t\t\t<img width=\"2150\" height=\"1843\" src=\"https:\/\/cemcc.ufro.cl\/wp-content\/uploads\/2020\/04\/rack04.png\" class=\"attachment-full size-full\" alt=\"\" loading=\"lazy\" srcset=\"https:\/\/cemcc.ufro.cl\/wp-content\/uploads\/2020\/04\/rack04.png 2150w, https:\/\/cemcc.ufro.cl\/wp-content\/uploads\/2020\/04\/rack04-300x257.png 300w, https:\/\/cemcc.ufro.cl\/wp-content\/uploads\/2020\/04\/rack04-768x658.png 768w, https:\/\/cemcc.ufro.cl\/wp-content\/uploads\/2020\/04\/rack04-1024x878.png 1024w, https:\/\/cemcc.ufro.cl\/wp-content\/uploads\/2020\/04\/rack04-600x514.png 600w\" sizes=\"(max-width: 2150px) 100vw, 2150px\" \/>\t\t\t\t\t\t\t\t\t\t\t\t\t\t<\/div>\n\t\t\t\t\t\t<\/div>\n\t\t\t\t<\/div>\n\t\t\t\t<div class=\"elementor-element elementor-element-7eea776 elementor-widget elementor-widget-image\" data-id=\"7eea776\" data-element_type=\"widget\" data-widget_type=\"image.default\">\n\t\t\t\t<div class=\"elementor-widget-container\">\n\t\t\t\t\t\t\t\t<div class=\"elementor-image\">\n\t\t\t\t\t\t\t\t\t\t\t\t<img width=\"2150\" height=\"1843\" src=\"https:\/\/cemcc.ufro.cl\/wp-content\/uploads\/2020\/04\/rack04.png\" class=\"attachment-full size-full\" alt=\"\" loading=\"lazy\" srcset=\"https:\/\/cemcc.ufro.cl\/wp-content\/uploads\/2020\/04\/rack04.png 2150w, https:\/\/cemcc.ufro.cl\/wp-content\/uploads\/2020\/04\/rack04-300x257.png 300w, https:\/\/cemcc.ufro.cl\/wp-content\/uploads\/2020\/04\/rack04-768x658.png 768w, https:\/\/cemcc.ufro.cl\/wp-content\/uploads\/2020\/04\/rack04-1024x878.png 1024w, https:\/\/cemcc.ufro.cl\/wp-content\/uploads\/2020\/04\/rack04-600x514.png 600w\" sizes=\"(max-width: 2150px) 100vw, 2150px\" \/>\t\t\t\t\t\t\t\t\t\t\t\t\t\t<\/div>\n\t\t\t\t\t\t<\/div>\n\t\t\t\t<\/div>\n\t\t\t\t\t\t<\/div>\n\t\t\t\t\t<\/div>\n\t\t<\/div>\n\t\t\t\t\t\t\t\t<\/div>\n\t\t\t\t\t<\/div>\n\t\t<\/section>\n\t\t\t\t<section class=\"elementor-section elementor-top-section elementor-element elementor-element-0a2b1c7 elementor-section-stretched elementor-section-full_width elementor-section-height-default elementor-section-height-default\" data-id=\"0a2b1c7\" data-element_type=\"section\" data-settings=\"{&quot;stretch_section&quot;:&quot;section-stretched&quot;,&quot;background_background&quot;:&quot;classic&quot;}\">\n\t\t\t\t\t\t<div class=\"elementor-container elementor-column-gap-default\">\n\t\t\t\t\t\t\t<div class=\"elementor-row\">\n\t\t\t\t\t<div class=\"elementor-column elementor-col-33 elementor-top-column elementor-element elementor-element-7c082ec\" data-id=\"7c082ec\" data-element_type=\"column\">\n\t\t\t<div class=\"elementor-column-wrap elementor-element-populated\">\n\t\t\t\t\t\t\t<div class=\"elementor-widget-wrap\">\n\t\t\t\t\t\t<div class=\"elementor-element elementor-element-99a286d elementor-widget elementor-widget-heading\" data-id=\"99a286d\" data-element_type=\"widget\" data-widget_type=\"heading.default\">\n\t\t\t\t<div class=\"elementor-widget-container\">\n\t\t\t<h2 class=\"elementor-heading-title elementor-size-default\">POL\u00cdTICAS DE USO<\/h2>\t\t<\/div>\n\t\t\t\t<\/div>\n\t\t\t\t\t\t<\/div>\n\t\t\t\t\t<\/div>\n\t\t<\/div>\n\t\t\t\t<div class=\"elementor-column elementor-col-33 elementor-top-column elementor-element elementor-element-cafbdc2\" data-id=\"cafbdc2\" data-element_type=\"column\" data-settings=\"{&quot;background_background&quot;:&quot;classic&quot;}\">\n\t\t\t<div class=\"elementor-column-wrap elementor-element-populated\">\n\t\t\t\t\t\t\t<div class=\"elementor-widget-wrap\">\n\t\t\t\t\t\t<div class=\"elementor-element elementor-element-60cf87b elementor-widget elementor-widget-text-editor\" data-id=\"60cf87b\" data-element_type=\"widget\" data-widget_type=\"text-editor.default\">\n\t\t\t\t<div class=\"elementor-widget-container\">\n\t\t\t\t\t\t\t\t<div class=\"elementor-text-editor elementor-clearfix\">\n\t\t\t\t<ol><li>El responsable del equipo deber\u00e1 ser funcionario de la Universidad de La Frontera.<\/li>\n<li>El responsable del equipo deber\u00e1 informar al CEMCC los datos de contacto del personal de administraci\u00f3n de la m\u00e1quina, para aviso en caso de emergencia.&nbsp;<\/li>\n<li>Los servidores para housing deben ser rackeables.<\/li>\n<li>Para acceder f\u00edsicamente al equipo, se debe contactar a la administraci\u00f3n del CEMCC con anticipaci\u00f3n (24 horas antes).<\/li>\n<li>El equipo deber\u00e1 tener activo un agente de monitoreo (SNMP), para registrar el uso de CPU, memoria y tr\u00e1fico de red.<\/li>\n<li>Equipo sin uso por m\u00e1s de 6 meses ser\u00e1 apagado hasta que sea requerido nuevamente.<\/li>\n<li>Cualquier mal uso de la red ser\u00e1 sancionado.<\/li>\n<\/ol>\t\t\t\t\t<\/div>\n\t\t\t\t\t\t<\/div>\n\t\t\t\t<\/div>\n\t\t\t\t\t\t<\/div>\n\t\t\t\t\t<\/div>\n\t\t<\/div>\n\t\t\t\t<div class=\"elementor-column elementor-col-33 elementor-top-column elementor-element elementor-element-01c1100\" data-id=\"01c1100\" data-element_type=\"column\">\n\t\t\t<div class=\"elementor-column-wrap\">\n\t\t\t\t\t\t\t<div class=\"elementor-widget-wrap\">\n\t\t\t\t\t\t\t\t<\/div>\n\t\t\t\t\t<\/div>\n\t\t<\/div>\n\t\t\t\t\t\t\t\t<\/div>\n\t\t\t\t\t<\/div>\n\t\t<\/section>\n\t\t\t\t\t\t<\/div>\n\t\t\t\t\t\t<\/div>\n\t\t\t\t\t<\/div>\n\t\t","protected":false},"excerpt":{"rendered":"<p>HOUSING Solicitar Housing El housing es una modalidad de alojamiento f\u00edsico de equipos inform\u00e1ticos en un datacenter, con el fin de aprovechar la infraestructura, proteger y asegurar el correcto funcionamiento de los servidores. Los equipos inform\u00e1ticos necesitan condiciones m\u00ednimas para trabajar, en especial para c\u00f3mputo intensivo y operaciones 24x7x365. Para ello el datacenter del CEMCC [&hellip;]<\/p>\n","protected":false},"author":1,"featured_media":0,"parent":0,"menu_order":0,"comment_status":"closed","ping_status":"closed","template":"elementor_header_footer","meta":[],"_links":{"self":[{"href":"https:\/\/cemcc.ufro.cl\/index.php\/wp-json\/wp\/v2\/pages\/485"}],"collection":[{"href":"https:\/\/cemcc.ufro.cl\/index.php\/wp-json\/wp\/v2\/pages"}],"about":[{"href":"https:\/\/cemcc.ufro.cl\/index.php\/wp-json\/wp\/v2\/types\/page"}],"author":[{"embeddable":true,"href":"https:\/\/cemcc.ufro.cl\/index.php\/wp-json\/wp\/v2\/users\/1"}],"replies":[{"embeddable":true,"href":"https:\/\/cemcc.ufro.cl\/index.php\/wp-json\/wp\/v2\/comments?post=485"}],"version-history":[{"count":129,"href":"https:\/\/cemcc.ufro.cl\/index.php\/wp-json\/wp\/v2\/pages\/485\/revisions"}],"predecessor-version":[{"id":2967,"href":"https:\/\/cemcc.ufro.cl\/index.php\/wp-json\/wp\/v2\/pages\/485\/revisions\/2967"}],"wp:attachment":[{"href":"https:\/\/cemcc.ufro.cl\/index.php\/wp-json\/wp\/v2\/media?parent=485"}],"curies":[{"name":"wp","href":"https:\/\/api.w.org\/{rel}","templated":true}]}}